{"id":166,"date":"2015-06-17T05:54:14","date_gmt":"2015-06-17T05:54:14","guid":{"rendered":"http:\/\/www.iveindhoven.com\/lieferbedingungen"},"modified":"2025-09-23T08:19:27","modified_gmt":"2025-09-23T08:19:27","slug":"lieferbedingungen","status":"publish","type":"page","link":"https:\/\/www.iveindhoven.com\/de\/lieferbedingungen\/","title":{"rendered":"Lieferbedingungen"},"content":{"rendered":"<div class=\"wpb-content-wrapper\"><p>[vc_row][vc_column][vc_column_text]Es ist nicht m\u00f6glich, einen Kaufvertrag \u00fcber die Webseite abzuschlie\u00dfen.<br \/>\nSie k\u00f6nnen telefonisch, per E-Mail, FAX oder pers\u00f6nlich eine Kaufzusage abgeben.<\/p>\n<p>Alle angegebenen bzw. genannten Preise sind ohne Mehrwertsteuer.<br \/>\nDer Mindesteinkaufswert betr\u00e4gt EUR 50.&#8211; ohne Mehrwertsteuer.<br \/>\nEine Zahlung per Geldkarte, Kreditkarte, Debitorenkarte\/Lastschrift oder per Scheck ist nicht m\u00f6glich.<br \/>\nRaten- oder Teilzahlungen werden nicht akzeptiert, au\u00dfer nach vorheriger schriftlicher beiderseitiger Vereinbarung.<\/p>\n<p>Alle Waren werden im Zustand &#8220;wie gesehen\/besichtigt&#8221;, ohne jede besondere oder angenommene Garantie und erst nach vollst\u00e4ndigem Zahlungseingang abgegeben.<br \/>\nDas CE-Zeichen oder eine Konformit\u00e4tserkl\u00e4rung \u00fcber EU-Regularien ist nicht Vertragsbestandteil bzw. auf die Waren nicht anwendbar.<br \/>\nZahlungen sind sp\u00e4testens 14 Tage nach Rechnungsdatum auf unserem Konto eingehend zu leisten.<\/p>\n<p>F\u00fcr Verk\u00e4ufe au\u00dferhalb der Niederlande, jedoch in ein EU-Land (innergemeinschaftlicher Warenverkehr) hat der K\u00e4ufer eine g\u00fcltige Umsatzsteuer-ID-Nummer vorzulegen.<br \/>\nIm Fall, dass keine g\u00fcltige USt-ID-Nummer vorgelegt wird, m\u00fcssen wir die derzeit g\u00fcltige Mehrwertsteuer in H\u00f6he von 21% in Rechnung stellen. EU-Umsatzsteuer-ID-Nummern werden von uns \u00fcber die EU\/VIES-Datenbank verifiziert.<\/p>\n<p>Wichtiger Hinweis: Bei Rechnungsstellung in L\u00e4nder au\u00dferhalb der EU wird in jedem Falle die derzeit g\u00fcltige Mehrwertsteuer in Rechnung gestellt.<br \/>\nSollten besondere Vertragsbedingungen vereinbart sein, so werden diese in jedem Einzelfall auf der Rechnung aufgef\u00fchrt.<br \/>\nWenn nicht explizit anders vereinbart, werden alle Waren ausschlie\u00dflich &#8220;ab Werk&#8221; (EXW Incoterms) unseres Lagers Eindhoven, Die Niederlande, bereitgestellt.<br \/>\nIm Falle eines Verkaufs in ein Nicht-EU-Land ist der K\u00e4ufer verantwortlich f\u00fcr die notwendige Export\/Zolldokumentation und Verzollung.[\/vc_column_text][\/vc_column][\/vc_row]<\/p>\n<\/div>","protected":false},"excerpt":{"rendered":"<p>[vc_row][vc_column][vc_column_text]Es ist nicht m\u00f6glich, einen Kaufvertrag \u00fcber die Webseite abzuschlie\u00dfen. Sie k\u00f6nnen telefonisch, per E-Mail, FAX oder pers\u00f6nlich eine Kaufzusage abgeben. Alle angegebenen bzw. genannten Preise sind ohne Mehrwertsteuer. Der Mindesteinkaufswert betr\u00e4gt EUR 50.&#8211; ohne Mehrwertsteuer. Eine Zahlung per Geldkarte, Kreditkarte, Debitorenkarte\/Lastschrift oder per Scheck ist nicht m\u00f6glich. Raten- oder Teilzahlungen werden nicht akzeptiert, au\u00dfer [&hellip;]<\/p>\n","protected":false},"author":1,"featured_media":0,"parent":0,"menu_order":0,"comment_status":"closed","ping_status":"closed","template":"","meta":{"footnotes":""},"class_list":["post-166","page","type-page","status-publish","hentry"],"yoast_head":"<!-- This site is optimized with the Yoast SEO plugin v23.3 - https:\/\/yoast.com\/wordpress\/plugins\/seo\/ -->\n<title>Lieferbedingungen - Industri\u00eble Veiling Eindhoven<\/title>\n<meta name=\"robots\" content=\"index, follow, max-snippet:-1, max-image-preview:large, max-video-preview:-1\" \/>\n<link rel=\"canonical\" href=\"https:\/\/www.iveindhoven.com\/de\/lieferbedingungen\/\" \/>\n<meta property=\"og:locale\" content=\"de_DE\" \/>\n<meta property=\"og:type\" content=\"article\" \/>\n<meta property=\"og:title\" content=\"Lieferbedingungen - Industri\u00eble Veiling Eindhoven\" \/>\n<meta property=\"og:description\" content=\"[vc_row][vc_column][vc_column_text]Es ist nicht m\u00f6glich, einen Kaufvertrag \u00fcber die Webseite abzuschlie\u00dfen. Sie k\u00f6nnen telefonisch, per E-Mail, FAX oder pers\u00f6nlich eine Kaufzusage abgeben. Alle angegebenen bzw. genannten Preise sind ohne Mehrwertsteuer. Der Mindesteinkaufswert betr\u00e4gt EUR 50.&#8211; ohne Mehrwertsteuer. Eine Zahlung per Geldkarte, Kreditkarte, Debitorenkarte\/Lastschrift oder per Scheck ist nicht m\u00f6glich. Raten- oder Teilzahlungen werden nicht akzeptiert, au\u00dfer [&hellip;]\" \/>\n<meta property=\"og:url\" content=\"https:\/\/www.iveindhoven.com\/de\/lieferbedingungen\/\" \/>\n<meta property=\"og:site_name\" content=\"Industri\u00eble Veiling Eindhoven\" \/>\n<meta property=\"article:modified_time\" content=\"2025-09-23T08:19:27+00:00\" \/>\n<meta name=\"twitter:card\" content=\"summary_large_image\" \/>\n<meta name=\"twitter:label1\" content=\"Gesch\u00e4tzte Lesezeit\" \/>\n\t<meta name=\"twitter:data1\" content=\"2 Minuten\" \/>\n<script type=\"application\/ld+json\" class=\"yoast-schema-graph\">{\"@context\":\"https:\/\/schema.org\",\"@graph\":[{\"@type\":\"WebPage\",\"@id\":\"https:\/\/www.iveindhoven.com\/de\/lieferbedingungen\/\",\"url\":\"https:\/\/www.iveindhoven.com\/de\/lieferbedingungen\/\",\"name\":\"Lieferbedingungen - Industri\u00eble Veiling Eindhoven\",\"isPartOf\":{\"@id\":\"https:\/\/www.iveindhoven.com\/#website\"},\"datePublished\":\"2015-06-17T05:54:14+00:00\",\"dateModified\":\"2025-09-23T08:19:27+00:00\",\"breadcrumb\":{\"@id\":\"https:\/\/www.iveindhoven.com\/de\/lieferbedingungen\/#breadcrumb\"},\"inLanguage\":\"de-DE\",\"potentialAction\":[{\"@type\":\"ReadAction\",\"target\":[\"https:\/\/www.iveindhoven.com\/de\/lieferbedingungen\/\"]}]},{\"@type\":\"BreadcrumbList\",\"@id\":\"https:\/\/www.iveindhoven.com\/de\/lieferbedingungen\/#breadcrumb\",\"itemListElement\":[{\"@type\":\"ListItem\",\"position\":1,\"name\":\"Home\",\"item\":\"https:\/\/www.iveindhoven.com\/de\/\"},{\"@type\":\"ListItem\",\"position\":2,\"name\":\"Lieferbedingungen\"}]},{\"@type\":\"WebSite\",\"@id\":\"https:\/\/www.iveindhoven.com\/#website\",\"url\":\"https:\/\/www.iveindhoven.com\/\",\"name\":\"Industri\u00eble Veiling Eindhoven\",\"description\":\"Just another WordPress site\",\"publisher\":{\"@id\":\"https:\/\/www.iveindhoven.com\/#organization\"},\"potentialAction\":[{\"@type\":\"SearchAction\",\"target\":{\"@type\":\"EntryPoint\",\"urlTemplate\":\"https:\/\/www.iveindhoven.com\/?s={search_term_string}\"},\"query-input\":\"required name=search_term_string\"}],\"inLanguage\":\"de-DE\"},{\"@type\":\"Organization\",\"@id\":\"https:\/\/www.iveindhoven.com\/#organization\",\"name\":\"Industri\u00eble Veiling Eindhoven\",\"url\":\"https:\/\/www.iveindhoven.com\/\",\"logo\":{\"@type\":\"ImageObject\",\"inLanguage\":\"de-DE\",\"@id\":\"https:\/\/www.iveindhoven.com\/#\/schema\/logo\/image\/\",\"url\":\"https:\/\/www.iveindhoven.com\/wp-content\/uploads\/logo.png\",\"contentUrl\":\"https:\/\/www.iveindhoven.com\/wp-content\/uploads\/logo.png\",\"width\":528,\"height\":123,\"caption\":\"Industri\u00eble Veiling Eindhoven\"},\"image\":{\"@id\":\"https:\/\/www.iveindhoven.com\/#\/schema\/logo\/image\/\"}}]}<\/script>\n<!-- \/ Yoast SEO plugin. -->","yoast_head_json":{"title":"Lieferbedingungen - Industri\u00eble Veiling Eindhoven","robots":{"index":"index","follow":"follow","max-snippet":"max-snippet:-1","max-image-preview":"max-image-preview:large","max-video-preview":"max-video-preview:-1"},"canonical":"https:\/\/www.iveindhoven.com\/de\/lieferbedingungen\/","og_locale":"de_DE","og_type":"article","og_title":"Lieferbedingungen - Industri\u00eble Veiling Eindhoven","og_description":"[vc_row][vc_column][vc_column_text]Es ist nicht m\u00f6glich, einen Kaufvertrag \u00fcber die Webseite abzuschlie\u00dfen. Sie k\u00f6nnen telefonisch, per E-Mail, FAX oder pers\u00f6nlich eine Kaufzusage abgeben. Alle angegebenen bzw. genannten Preise sind ohne Mehrwertsteuer. Der Mindesteinkaufswert betr\u00e4gt EUR 50.&#8211; ohne Mehrwertsteuer. Eine Zahlung per Geldkarte, Kreditkarte, Debitorenkarte\/Lastschrift oder per Scheck ist nicht m\u00f6glich. Raten- oder Teilzahlungen werden nicht akzeptiert, au\u00dfer [&hellip;]","og_url":"https:\/\/www.iveindhoven.com\/de\/lieferbedingungen\/","og_site_name":"Industri\u00eble Veiling Eindhoven","article_modified_time":"2025-09-23T08:19:27+00:00","twitter_card":"summary_large_image","twitter_misc":{"Gesch\u00e4tzte Lesezeit":"2 Minuten"},"schema":{"@context":"https:\/\/schema.org","@graph":[{"@type":"WebPage","@id":"https:\/\/www.iveindhoven.com\/de\/lieferbedingungen\/","url":"https:\/\/www.iveindhoven.com\/de\/lieferbedingungen\/","name":"Lieferbedingungen - Industri\u00eble Veiling Eindhoven","isPartOf":{"@id":"https:\/\/www.iveindhoven.com\/#website"},"datePublished":"2015-06-17T05:54:14+00:00","dateModified":"2025-09-23T08:19:27+00:00","breadcrumb":{"@id":"https:\/\/www.iveindhoven.com\/de\/lieferbedingungen\/#breadcrumb"},"inLanguage":"de-DE","potentialAction":[{"@type":"ReadAction","target":["https:\/\/www.iveindhoven.com\/de\/lieferbedingungen\/"]}]},{"@type":"BreadcrumbList","@id":"https:\/\/www.iveindhoven.com\/de\/lieferbedingungen\/#breadcrumb","itemListElement":[{"@type":"ListItem","position":1,"name":"Home","item":"https:\/\/www.iveindhoven.com\/de\/"},{"@type":"ListItem","position":2,"name":"Lieferbedingungen"}]},{"@type":"WebSite","@id":"https:\/\/www.iveindhoven.com\/#website","url":"https:\/\/www.iveindhoven.com\/","name":"Industri\u00eble Veiling Eindhoven","description":"Just another WordPress site","publisher":{"@id":"https:\/\/www.iveindhoven.com\/#organization"},"potentialAction":[{"@type":"SearchAction","target":{"@type":"EntryPoint","urlTemplate":"https:\/\/www.iveindhoven.com\/?s={search_term_string}"},"query-input":"required name=search_term_string"}],"inLanguage":"de-DE"},{"@type":"Organization","@id":"https:\/\/www.iveindhoven.com\/#organization","name":"Industri\u00eble Veiling Eindhoven","url":"https:\/\/www.iveindhoven.com\/","logo":{"@type":"ImageObject","inLanguage":"de-DE","@id":"https:\/\/www.iveindhoven.com\/#\/schema\/logo\/image\/","url":"https:\/\/www.iveindhoven.com\/wp-content\/uploads\/logo.png","contentUrl":"https:\/\/www.iveindhoven.com\/wp-content\/uploads\/logo.png","width":528,"height":123,"caption":"Industri\u00eble Veiling Eindhoven"},"image":{"@id":"https:\/\/www.iveindhoven.com\/#\/schema\/logo\/image\/"}}]}},"_links":{"self":[{"href":"https:\/\/www.iveindhoven.com\/de\/wp-json\/wp\/v2\/pages\/166"}],"collection":[{"href":"https:\/\/www.iveindhoven.com\/de\/wp-json\/wp\/v2\/pages"}],"about":[{"href":"https:\/\/www.iveindhoven.com\/de\/wp-json\/wp\/v2\/types\/page"}],"author":[{"embeddable":true,"href":"https:\/\/www.iveindhoven.com\/de\/wp-json\/wp\/v2\/users\/1"}],"replies":[{"embeddable":true,"href":"https:\/\/www.iveindhoven.com\/de\/wp-json\/wp\/v2\/comments?post=166"}],"version-history":[{"count":3,"href":"https:\/\/www.iveindhoven.com\/de\/wp-json\/wp\/v2\/pages\/166\/revisions"}],"predecessor-version":[{"id":46602,"href":"https:\/\/www.iveindhoven.com\/de\/wp-json\/wp\/v2\/pages\/166\/revisions\/46602"}],"wp:attachment":[{"href":"https:\/\/www.iveindhoven.com\/de\/wp-json\/wp\/v2\/media?parent=166"}],"curies":[{"name":"wp","href":"https:\/\/api.w.org\/{rel}","templated":true}]}}