{"id":23,"date":"2015-06-16T05:24:56","date_gmt":"2015-06-16T05:24:56","guid":{"rendered":"http:\/\/www.iveindhoven.com\/home"},"modified":"2026-03-31T12:37:48","modified_gmt":"2026-03-31T12:37:48","slug":"home","status":"publish","type":"page","link":"https:\/\/www.iveindhoven.com\/de\/","title":{"rendered":"Home"},"content":{"rendered":"<hr \/>\n<h1 style=\"text-align: center;\">\u00dcber uns<\/h1>\n<hr \/>\n<p style=\"text-align: center;\">Sie suchen Industrieg\u00fcter? Dann sind Sie hier genau richtig! Wir sind ein Handelsunternehmen, das auf den An- und Verkauf von Industrieg\u00fctern aller Art spezialisiert ist, sowohl Neu als auch Gebraucht. Unsere Lagerliste umfasst st\u00e4ndig tausende verschiedene Produkte. Suchen Sie eine spezielle Apparatur, Maschine, Elektroartikel, Laborausr\u00fcstung, Flurf\u00f6rderzeuge, Metallbearbeitungswerkzeuge und Maschinen, Vakuumpumpen, Lagereiausr\u00fcstung usw. Hier bei uns werden sie garantiert f\u00fcndig.<\/p>\n<p style=\"text-align: center;\"><a class=\"button\" href=\"http:\/\/www.iveindhoven.com\/de\/uber-uns\/\">WEITERLESEN<\/a><\/p>\n<p style=\"text-align: center; margin-top: 40px;\"><a href=\"https:\/\/www.google.nl\/maps\/uv?hl=nl&amp;pb=!1s0x47c6d969a5411315%3A0x838b3062094e9a91!2m20!8m2!1m1!1e2!16m16!1b1!2m2!1m1!1e1!2m2!1m1!1e3!2m2!1m1!1e6!2m2!1m1!1e4!2m2!1m1!1e5!3m1!7e115!4shttps%3A%2F%2Flh5.googleusercontent.com%2Fp%2FAF1QipNNgJct1x7lhcRfor3NnZLqvVEU6WecoFsT7PzV%3Dw233-h160-k-no&amp;imagekey=!1e10!2sAF1QipPcFMSdUapq8wLPymKblBiPyHIqkERS97KPi2H9&amp;sa=X&amp;ved=0ahUKEwj-1_3h2tzYAhXMLVAKHdTDDd4QoioIazAR&amp;activetab=panorama\" target=\"_blank\" rel=\"noopener\"><img loading=\"lazy\" decoding=\"async\" class=\"alignnone size-full wp-image-18150\" src=\"https:\/\/www.iveindhoven.com\/wp-content\/uploads\/google360-de.png\" alt=\"google360\" width=\"1010\" height=\"230\" \/><\/a><\/p>\n","protected":false},"excerpt":{"rendered":"<p>\u00dcber uns Sie suchen Industrieg\u00fcter? Dann sind Sie hier genau richtig! Wir sind ein Handelsunternehmen, das auf den An- und Verkauf von Industrieg\u00fctern aller Art spezialisiert ist, sowohl Neu als auch Gebraucht. Unsere Lagerliste umfasst st\u00e4ndig tausende verschiedene Produkte. Suchen Sie eine spezielle Apparatur, Maschine, Elektroartikel, Laborausr\u00fcstung, Flurf\u00f6rderzeuge, Metallbearbeitungswerkzeuge und Maschinen, Vakuumpumpen, Lagereiausr\u00fcstung usw. Hier [&hellip;]<\/p>\n","protected":false},"author":1,"featured_media":0,"parent":0,"menu_order":0,"comment_status":"closed","ping_status":"closed","template":"template-home.php","meta":{"footnotes":""},"class_list":["post-23","page","type-page","status-publish","hentry"],"yoast_head":"<!-- This site is optimized with the Yoast SEO plugin v23.3 - https:\/\/yoast.com\/wordpress\/plugins\/seo\/ -->\n<title>Home - Industri\u00eble Veiling Eindhoven<\/title>\n<meta name=\"robots\" content=\"index, follow, max-snippet:-1, max-image-preview:large, max-video-preview:-1\" \/>\n<link rel=\"canonical\" href=\"https:\/\/www.iveindhoven.com\/de\/\" \/>\n<meta property=\"og:locale\" content=\"de_DE\" \/>\n<meta property=\"og:type\" content=\"article\" \/>\n<meta property=\"og:title\" content=\"Home - Industri\u00eble Veiling Eindhoven\" \/>\n<meta property=\"og:description\" content=\"\u00dcber uns Sie suchen Industrieg\u00fcter? Dann sind Sie hier genau richtig! Wir sind ein Handelsunternehmen, das auf den An- und Verkauf von Industrieg\u00fctern aller Art spezialisiert ist, sowohl Neu als auch Gebraucht. Unsere Lagerliste umfasst st\u00e4ndig tausende verschiedene Produkte. Suchen Sie eine spezielle Apparatur, Maschine, Elektroartikel, Laborausr\u00fcstung, Flurf\u00f6rderzeuge, Metallbearbeitungswerkzeuge und Maschinen, Vakuumpumpen, Lagereiausr\u00fcstung usw. Hier [&hellip;]\" \/>\n<meta property=\"og:url\" content=\"https:\/\/www.iveindhoven.com\/de\/\" \/>\n<meta property=\"og:site_name\" content=\"Industri\u00eble Veiling Eindhoven\" \/>\n<meta property=\"article:modified_time\" content=\"2026-03-31T12:37:48+00:00\" \/>\n<meta property=\"og:image\" content=\"https:\/\/www.iveindhoven.com\/wp-content\/uploads\/google360-de.png\" \/>\n<meta name=\"twitter:card\" content=\"summary_large_image\" \/>\n<meta name=\"twitter:label1\" content=\"Gesch\u00e4tzte Lesezeit\" \/>\n\t<meta name=\"twitter:data1\" content=\"1 Minute\" \/>\n<script type=\"application\/ld+json\" class=\"yoast-schema-graph\">{\"@context\":\"https:\/\/schema.org\",\"@graph\":[{\"@type\":\"WebPage\",\"@id\":\"https:\/\/www.iveindhoven.com\/de\/\",\"url\":\"https:\/\/www.iveindhoven.com\/de\/\",\"name\":\"Home - Industri\u00eble Veiling Eindhoven\",\"isPartOf\":{\"@id\":\"https:\/\/www.iveindhoven.com\/#website\"},\"primaryImageOfPage\":{\"@id\":\"https:\/\/www.iveindhoven.com\/de\/#primaryimage\"},\"image\":{\"@id\":\"https:\/\/www.iveindhoven.com\/de\/#primaryimage\"},\"thumbnailUrl\":\"https:\/\/www.iveindhoven.com\/wp-content\/uploads\/google360-de.png\",\"datePublished\":\"2015-06-16T05:24:56+00:00\",\"dateModified\":\"2026-03-31T12:37:48+00:00\",\"breadcrumb\":{\"@id\":\"https:\/\/www.iveindhoven.com\/de\/#breadcrumb\"},\"inLanguage\":\"de-DE\",\"potentialAction\":[{\"@type\":\"ReadAction\",\"target\":[\"https:\/\/www.iveindhoven.com\/de\/\"]}]},{\"@type\":\"ImageObject\",\"inLanguage\":\"de-DE\",\"@id\":\"https:\/\/www.iveindhoven.com\/de\/#primaryimage\",\"url\":\"https:\/\/www.iveindhoven.com\/wp-content\/uploads\/google360-de.png\",\"contentUrl\":\"https:\/\/www.iveindhoven.com\/wp-content\/uploads\/google360-de.png\"},{\"@type\":\"BreadcrumbList\",\"@id\":\"https:\/\/www.iveindhoven.com\/de\/#breadcrumb\",\"itemListElement\":[{\"@type\":\"ListItem\",\"position\":1,\"name\":\"Home\",\"item\":\"https:\/\/www.iveindhoven.com\/de\/\"},{\"@type\":\"ListItem\",\"position\":2,\"name\":\"Home\"}]},{\"@type\":\"WebSite\",\"@id\":\"https:\/\/www.iveindhoven.com\/#website\",\"url\":\"https:\/\/www.iveindhoven.com\/\",\"name\":\"Industri\u00eble Veiling Eindhoven\",\"description\":\"Just another WordPress site\",\"publisher\":{\"@id\":\"https:\/\/www.iveindhoven.com\/#organization\"},\"potentialAction\":[{\"@type\":\"SearchAction\",\"target\":{\"@type\":\"EntryPoint\",\"urlTemplate\":\"https:\/\/www.iveindhoven.com\/?s={search_term_string}\"},\"query-input\":\"required name=search_term_string\"}],\"inLanguage\":\"de-DE\"},{\"@type\":\"Organization\",\"@id\":\"https:\/\/www.iveindhoven.com\/#organization\",\"name\":\"Industri\u00eble Veiling Eindhoven\",\"url\":\"https:\/\/www.iveindhoven.com\/\",\"logo\":{\"@type\":\"ImageObject\",\"inLanguage\":\"de-DE\",\"@id\":\"https:\/\/www.iveindhoven.com\/#\/schema\/logo\/image\/\",\"url\":\"https:\/\/www.iveindhoven.com\/wp-content\/uploads\/logo.png\",\"contentUrl\":\"https:\/\/www.iveindhoven.com\/wp-content\/uploads\/logo.png\",\"width\":528,\"height\":123,\"caption\":\"Industri\u00eble Veiling Eindhoven\"},\"image\":{\"@id\":\"https:\/\/www.iveindhoven.com\/#\/schema\/logo\/image\/\"}}]}<\/script>\n<!-- \/ Yoast SEO plugin. -->","yoast_head_json":{"title":"Home - Industri\u00eble Veiling Eindhoven","robots":{"index":"index","follow":"follow","max-snippet":"max-snippet:-1","max-image-preview":"max-image-preview:large","max-video-preview":"max-video-preview:-1"},"canonical":"https:\/\/www.iveindhoven.com\/de\/","og_locale":"de_DE","og_type":"article","og_title":"Home - Industri\u00eble Veiling Eindhoven","og_description":"\u00dcber uns Sie suchen Industrieg\u00fcter? Dann sind Sie hier genau richtig! Wir sind ein Handelsunternehmen, das auf den An- und Verkauf von Industrieg\u00fctern aller Art spezialisiert ist, sowohl Neu als auch Gebraucht. Unsere Lagerliste umfasst st\u00e4ndig tausende verschiedene Produkte. Suchen Sie eine spezielle Apparatur, Maschine, Elektroartikel, Laborausr\u00fcstung, Flurf\u00f6rderzeuge, Metallbearbeitungswerkzeuge und Maschinen, Vakuumpumpen, Lagereiausr\u00fcstung usw. Hier [&hellip;]","og_url":"https:\/\/www.iveindhoven.com\/de\/","og_site_name":"Industri\u00eble Veiling Eindhoven","article_modified_time":"2026-03-31T12:37:48+00:00","og_image":[{"url":"https:\/\/www.iveindhoven.com\/wp-content\/uploads\/google360-de.png"}],"twitter_card":"summary_large_image","twitter_misc":{"Gesch\u00e4tzte Lesezeit":"1 Minute"},"schema":{"@context":"https:\/\/schema.org","@graph":[{"@type":"WebPage","@id":"https:\/\/www.iveindhoven.com\/de\/","url":"https:\/\/www.iveindhoven.com\/de\/","name":"Home - Industri\u00eble Veiling Eindhoven","isPartOf":{"@id":"https:\/\/www.iveindhoven.com\/#website"},"primaryImageOfPage":{"@id":"https:\/\/www.iveindhoven.com\/de\/#primaryimage"},"image":{"@id":"https:\/\/www.iveindhoven.com\/de\/#primaryimage"},"thumbnailUrl":"https:\/\/www.iveindhoven.com\/wp-content\/uploads\/google360-de.png","datePublished":"2015-06-16T05:24:56+00:00","dateModified":"2026-03-31T12:37:48+00:00","breadcrumb":{"@id":"https:\/\/www.iveindhoven.com\/de\/#breadcrumb"},"inLanguage":"de-DE","potentialAction":[{"@type":"ReadAction","target":["https:\/\/www.iveindhoven.com\/de\/"]}]},{"@type":"ImageObject","inLanguage":"de-DE","@id":"https:\/\/www.iveindhoven.com\/de\/#primaryimage","url":"https:\/\/www.iveindhoven.com\/wp-content\/uploads\/google360-de.png","contentUrl":"https:\/\/www.iveindhoven.com\/wp-content\/uploads\/google360-de.png"},{"@type":"BreadcrumbList","@id":"https:\/\/www.iveindhoven.com\/de\/#breadcrumb","itemListElement":[{"@type":"ListItem","position":1,"name":"Home","item":"https:\/\/www.iveindhoven.com\/de\/"},{"@type":"ListItem","position":2,"name":"Home"}]},{"@type":"WebSite","@id":"https:\/\/www.iveindhoven.com\/#website","url":"https:\/\/www.iveindhoven.com\/","name":"Industri\u00eble Veiling Eindhoven","description":"Just another WordPress site","publisher":{"@id":"https:\/\/www.iveindhoven.com\/#organization"},"potentialAction":[{"@type":"SearchAction","target":{"@type":"EntryPoint","urlTemplate":"https:\/\/www.iveindhoven.com\/?s={search_term_string}"},"query-input":"required name=search_term_string"}],"inLanguage":"de-DE"},{"@type":"Organization","@id":"https:\/\/www.iveindhoven.com\/#organization","name":"Industri\u00eble Veiling Eindhoven","url":"https:\/\/www.iveindhoven.com\/","logo":{"@type":"ImageObject","inLanguage":"de-DE","@id":"https:\/\/www.iveindhoven.com\/#\/schema\/logo\/image\/","url":"https:\/\/www.iveindhoven.com\/wp-content\/uploads\/logo.png","contentUrl":"https:\/\/www.iveindhoven.com\/wp-content\/uploads\/logo.png","width":528,"height":123,"caption":"Industri\u00eble Veiling Eindhoven"},"image":{"@id":"https:\/\/www.iveindhoven.com\/#\/schema\/logo\/image\/"}}]}},"_links":{"self":[{"href":"https:\/\/www.iveindhoven.com\/de\/wp-json\/wp\/v2\/pages\/23"}],"collection":[{"href":"https:\/\/www.iveindhoven.com\/de\/wp-json\/wp\/v2\/pages"}],"about":[{"href":"https:\/\/www.iveindhoven.com\/de\/wp-json\/wp\/v2\/types\/page"}],"author":[{"embeddable":true,"href":"https:\/\/www.iveindhoven.com\/de\/wp-json\/wp\/v2\/users\/1"}],"replies":[{"embeddable":true,"href":"https:\/\/www.iveindhoven.com\/de\/wp-json\/wp\/v2\/comments?post=23"}],"version-history":[{"count":244,"href":"https:\/\/www.iveindhoven.com\/de\/wp-json\/wp\/v2\/pages\/23\/revisions"}],"predecessor-version":[{"id":48204,"href":"https:\/\/www.iveindhoven.com\/de\/wp-json\/wp\/v2\/pages\/23\/revisions\/48204"}],"wp:attachment":[{"href":"https:\/\/www.iveindhoven.com\/de\/wp-json\/wp\/v2\/media?parent=23"}],"curies":[{"name":"wp","href":"https:\/\/api.w.org\/{rel}","templated":true}]}}