{"id":27,"date":"2015-06-16T05:25:47","date_gmt":"2015-06-16T05:25:47","guid":{"rendered":"http:\/\/www.iveindhoven.com\/uber-uns"},"modified":"2026-01-29T13:54:09","modified_gmt":"2026-01-29T13:54:09","slug":"uber-uns","status":"publish","type":"page","link":"https:\/\/www.iveindhoven.com\/de\/uber-uns\/","title":{"rendered":"\u00dcber uns"},"content":{"rendered":"<div class=\"wpb-content-wrapper\"><p>[vc_row][vc_column][vc_column_text]<\/p>\n<p style=\"text-align: center;\">Ab Ende der 1950er-Jahre verf\u00fcgte Philips \u00fcber eine eigene Abteilung namens \u201eVeiling\u201c, in der Mitarbeiter Altholz, Kleinteile und elektronische Bauteile erwerben konnten. So konnten Philips-Heimwerker \u00fcbersch\u00fcssige oder veraltete Waren zu fairen Preisen kaufen. Philips wuchs in dieser Zeit enorm, und die \u201eVeiling\u201c-Abteilung expandierte parallel dazu. Das Sortiment wurde stetig erweitert und umfasste unter anderem Werkzeuge und gebrauchte Maschinen.<\/p>\n<p style=\"text-align: center;\">Schon bald konnten nicht nur Philips-Mitarbeiter, sondern auch Philips-Zulieferer und andere Unternehmen in der Region auf die \u201eVeiling\u201c-Abteilung zur\u00fcckgreifen.<\/p>\n<p>[\/vc_column_text][\/vc_column][\/vc_row][vc_row][vc_column width=&#8221;1\/2&#8243;][vc_single_image image=&#8221;179&#8243; img_size=&#8221;full&#8221; alignment=&#8221;center&#8221; style=&#8221;default&#8221;][\/vc_column][vc_column width=&#8221;1\/2&#8243;][vc_single_image image=&#8221;183&#8243; img_size=&#8221;full&#8221; alignment=&#8221;center&#8221; style=&#8221;default&#8221;][\/vc_column][\/vc_row][vc_row][vc_column][vc_column_text]<\/p>\n<p style=\"text-align: center;\">Im Jahr 2005 wurde die Abteilung \u201eVeiling\u201c von der heutigen Gesch\u00e4ftsleitung \u00fcbernommen und als eigenst\u00e4ndiges Unternehmen unter dem Namen \u201eIndustri\u00eble Veiling Eindhoven B.V.\u201c weitergef\u00fchrt.<\/p>\n<p style=\"text-align: center;\">Seitdem hat sich unser Warenangebot deutlich erweitert. Unser Bestand umfasst heute eine Vielzahl von Industrieg\u00fctern f\u00fcr diverse Branchen mit Fokus auf Kreislaufwirtschaft. Unsere Produktpalette ist \u00e4u\u00dferst vielf\u00e4ltig und reicht von Kleinteilen bis hin zu gro\u00dfen Maschinen. F\u00fcr Existenzgr\u00fcnder und etablierte Unternehmer ist die Industrieauktion Eindhoven der ideale Partner f\u00fcr den Kauf hochwertiger gebrauchter Industrieanlagen und -zubeh\u00f6r zu fairen Preisen.<\/p>\n<p style=\"text-align: center;\">Seit ihrer Gr\u00fcndung als unabh\u00e4ngiges Unternehmen hat sich die Industrieauktion Eindhoven einen soliden Ruf als zuverl\u00e4ssiger Partner f\u00fcr zahlreiche Unternehmer erworben. Kurz gesagt: Was im letzten Jahrhundert klein begann, ist heute ein renommiertes Unternehmen. Nicht nur f\u00fcr Unternehmer aus der Region Eindhoven und den \u00fcbrigen Niederlanden, sondern aus ganz Europa und der ganzen Welt.<\/p>\n<p style=\"text-align: center;\">Die Industri\u00eble Veiling Eindhoven B.V. befindet sich im Gewerbegebiet Strijp-T in der Zwaanstraat in Eindhoven, im Geb\u00e4ude TAA.<\/p>\n<p>[\/vc_column_text][\/vc_column][\/vc_row]<\/p>\n<\/div>","protected":false},"excerpt":{"rendered":"<p>[vc_row][vc_column][vc_column_text] Ab Ende der 1950er-Jahre verf\u00fcgte Philips \u00fcber eine eigene Abteilung namens \u201eVeiling\u201c, in der Mitarbeiter Altholz, Kleinteile und elektronische Bauteile erwerben konnten. So konnten Philips-Heimwerker \u00fcbersch\u00fcssige oder veraltete Waren zu fairen Preisen kaufen. Philips wuchs in dieser Zeit enorm, und die \u201eVeiling\u201c-Abteilung expandierte parallel dazu. Das Sortiment wurde stetig erweitert und umfasste unter anderem [&hellip;]<\/p>\n","protected":false},"author":1,"featured_media":0,"parent":0,"menu_order":0,"comment_status":"open","ping_status":"open","template":"","meta":{"footnotes":""},"class_list":["post-27","page","type-page","status-publish","hentry"],"yoast_head":"<!-- This site is optimized with the Yoast SEO plugin v23.3 - https:\/\/yoast.com\/wordpress\/plugins\/seo\/ -->\n<title>\u00dcber uns - Industri\u00eble Veiling Eindhoven<\/title>\n<meta name=\"robots\" content=\"index, follow, max-snippet:-1, max-image-preview:large, max-video-preview:-1\" \/>\n<link rel=\"canonical\" href=\"https:\/\/www.iveindhoven.com\/de\/uber-uns\/\" \/>\n<meta property=\"og:locale\" content=\"de_DE\" \/>\n<meta property=\"og:type\" content=\"article\" \/>\n<meta property=\"og:title\" content=\"\u00dcber uns - Industri\u00eble Veiling Eindhoven\" \/>\n<meta property=\"og:description\" content=\"[vc_row][vc_column][vc_column_text] Ab Ende der 1950er-Jahre verf\u00fcgte Philips \u00fcber eine eigene Abteilung namens \u201eVeiling\u201c, in der Mitarbeiter Altholz, Kleinteile und elektronische Bauteile erwerben konnten. So konnten Philips-Heimwerker \u00fcbersch\u00fcssige oder veraltete Waren zu fairen Preisen kaufen. Philips wuchs in dieser Zeit enorm, und die \u201eVeiling\u201c-Abteilung expandierte parallel dazu. Das Sortiment wurde stetig erweitert und umfasste unter anderem [&hellip;]\" \/>\n<meta property=\"og:url\" content=\"https:\/\/www.iveindhoven.com\/de\/uber-uns\/\" \/>\n<meta property=\"og:site_name\" content=\"Industri\u00eble Veiling Eindhoven\" \/>\n<meta property=\"article:modified_time\" content=\"2026-01-29T13:54:09+00:00\" \/>\n<meta name=\"twitter:card\" content=\"summary_large_image\" \/>\n<meta name=\"twitter:label1\" content=\"Gesch\u00e4tzte Lesezeit\" \/>\n\t<meta name=\"twitter:data1\" content=\"2 Minuten\" \/>\n<script type=\"application\/ld+json\" class=\"yoast-schema-graph\">{\"@context\":\"https:\/\/schema.org\",\"@graph\":[{\"@type\":\"WebPage\",\"@id\":\"https:\/\/www.iveindhoven.com\/de\/uber-uns\/\",\"url\":\"https:\/\/www.iveindhoven.com\/de\/uber-uns\/\",\"name\":\"\u00dcber uns - Industri\u00eble Veiling Eindhoven\",\"isPartOf\":{\"@id\":\"https:\/\/www.iveindhoven.com\/#website\"},\"datePublished\":\"2015-06-16T05:25:47+00:00\",\"dateModified\":\"2026-01-29T13:54:09+00:00\",\"breadcrumb\":{\"@id\":\"https:\/\/www.iveindhoven.com\/de\/uber-uns\/#breadcrumb\"},\"inLanguage\":\"de-DE\",\"potentialAction\":[{\"@type\":\"ReadAction\",\"target\":[\"https:\/\/www.iveindhoven.com\/de\/uber-uns\/\"]}]},{\"@type\":\"BreadcrumbList\",\"@id\":\"https:\/\/www.iveindhoven.com\/de\/uber-uns\/#breadcrumb\",\"itemListElement\":[{\"@type\":\"ListItem\",\"position\":1,\"name\":\"Home\",\"item\":\"https:\/\/www.iveindhoven.com\/de\/\"},{\"@type\":\"ListItem\",\"position\":2,\"name\":\"\u00dcber uns\"}]},{\"@type\":\"WebSite\",\"@id\":\"https:\/\/www.iveindhoven.com\/#website\",\"url\":\"https:\/\/www.iveindhoven.com\/\",\"name\":\"Industri\u00eble Veiling Eindhoven\",\"description\":\"Just another WordPress site\",\"publisher\":{\"@id\":\"https:\/\/www.iveindhoven.com\/#organization\"},\"potentialAction\":[{\"@type\":\"SearchAction\",\"target\":{\"@type\":\"EntryPoint\",\"urlTemplate\":\"https:\/\/www.iveindhoven.com\/?s={search_term_string}\"},\"query-input\":\"required name=search_term_string\"}],\"inLanguage\":\"de-DE\"},{\"@type\":\"Organization\",\"@id\":\"https:\/\/www.iveindhoven.com\/#organization\",\"name\":\"Industri\u00eble Veiling Eindhoven\",\"url\":\"https:\/\/www.iveindhoven.com\/\",\"logo\":{\"@type\":\"ImageObject\",\"inLanguage\":\"de-DE\",\"@id\":\"https:\/\/www.iveindhoven.com\/#\/schema\/logo\/image\/\",\"url\":\"https:\/\/www.iveindhoven.com\/wp-content\/uploads\/logo.png\",\"contentUrl\":\"https:\/\/www.iveindhoven.com\/wp-content\/uploads\/logo.png\",\"width\":528,\"height\":123,\"caption\":\"Industri\u00eble Veiling Eindhoven\"},\"image\":{\"@id\":\"https:\/\/www.iveindhoven.com\/#\/schema\/logo\/image\/\"}}]}<\/script>\n<!-- \/ Yoast SEO plugin. -->","yoast_head_json":{"title":"\u00dcber uns - Industri\u00eble Veiling Eindhoven","robots":{"index":"index","follow":"follow","max-snippet":"max-snippet:-1","max-image-preview":"max-image-preview:large","max-video-preview":"max-video-preview:-1"},"canonical":"https:\/\/www.iveindhoven.com\/de\/uber-uns\/","og_locale":"de_DE","og_type":"article","og_title":"\u00dcber uns - Industri\u00eble Veiling Eindhoven","og_description":"[vc_row][vc_column][vc_column_text] Ab Ende der 1950er-Jahre verf\u00fcgte Philips \u00fcber eine eigene Abteilung namens \u201eVeiling\u201c, in der Mitarbeiter Altholz, Kleinteile und elektronische Bauteile erwerben konnten. So konnten Philips-Heimwerker \u00fcbersch\u00fcssige oder veraltete Waren zu fairen Preisen kaufen. Philips wuchs in dieser Zeit enorm, und die \u201eVeiling\u201c-Abteilung expandierte parallel dazu. Das Sortiment wurde stetig erweitert und umfasste unter anderem [&hellip;]","og_url":"https:\/\/www.iveindhoven.com\/de\/uber-uns\/","og_site_name":"Industri\u00eble Veiling Eindhoven","article_modified_time":"2026-01-29T13:54:09+00:00","twitter_card":"summary_large_image","twitter_misc":{"Gesch\u00e4tzte Lesezeit":"2 Minuten"},"schema":{"@context":"https:\/\/schema.org","@graph":[{"@type":"WebPage","@id":"https:\/\/www.iveindhoven.com\/de\/uber-uns\/","url":"https:\/\/www.iveindhoven.com\/de\/uber-uns\/","name":"\u00dcber uns - Industri\u00eble Veiling Eindhoven","isPartOf":{"@id":"https:\/\/www.iveindhoven.com\/#website"},"datePublished":"2015-06-16T05:25:47+00:00","dateModified":"2026-01-29T13:54:09+00:00","breadcrumb":{"@id":"https:\/\/www.iveindhoven.com\/de\/uber-uns\/#breadcrumb"},"inLanguage":"de-DE","potentialAction":[{"@type":"ReadAction","target":["https:\/\/www.iveindhoven.com\/de\/uber-uns\/"]}]},{"@type":"BreadcrumbList","@id":"https:\/\/www.iveindhoven.com\/de\/uber-uns\/#breadcrumb","itemListElement":[{"@type":"ListItem","position":1,"name":"Home","item":"https:\/\/www.iveindhoven.com\/de\/"},{"@type":"ListItem","position":2,"name":"\u00dcber uns"}]},{"@type":"WebSite","@id":"https:\/\/www.iveindhoven.com\/#website","url":"https:\/\/www.iveindhoven.com\/","name":"Industri\u00eble Veiling Eindhoven","description":"Just another WordPress site","publisher":{"@id":"https:\/\/www.iveindhoven.com\/#organization"},"potentialAction":[{"@type":"SearchAction","target":{"@type":"EntryPoint","urlTemplate":"https:\/\/www.iveindhoven.com\/?s={search_term_string}"},"query-input":"required name=search_term_string"}],"inLanguage":"de-DE"},{"@type":"Organization","@id":"https:\/\/www.iveindhoven.com\/#organization","name":"Industri\u00eble Veiling Eindhoven","url":"https:\/\/www.iveindhoven.com\/","logo":{"@type":"ImageObject","inLanguage":"de-DE","@id":"https:\/\/www.iveindhoven.com\/#\/schema\/logo\/image\/","url":"https:\/\/www.iveindhoven.com\/wp-content\/uploads\/logo.png","contentUrl":"https:\/\/www.iveindhoven.com\/wp-content\/uploads\/logo.png","width":528,"height":123,"caption":"Industri\u00eble Veiling Eindhoven"},"image":{"@id":"https:\/\/www.iveindhoven.com\/#\/schema\/logo\/image\/"}}]}},"_links":{"self":[{"href":"https:\/\/www.iveindhoven.com\/de\/wp-json\/wp\/v2\/pages\/27"}],"collection":[{"href":"https:\/\/www.iveindhoven.com\/de\/wp-json\/wp\/v2\/pages"}],"about":[{"href":"https:\/\/www.iveindhoven.com\/de\/wp-json\/wp\/v2\/types\/page"}],"author":[{"embeddable":true,"href":"https:\/\/www.iveindhoven.com\/de\/wp-json\/wp\/v2\/users\/1"}],"replies":[{"embeddable":true,"href":"https:\/\/www.iveindhoven.com\/de\/wp-json\/wp\/v2\/comments?post=27"}],"version-history":[{"count":3,"href":"https:\/\/www.iveindhoven.com\/de\/wp-json\/wp\/v2\/pages\/27\/revisions"}],"predecessor-version":[{"id":48017,"href":"https:\/\/www.iveindhoven.com\/de\/wp-json\/wp\/v2\/pages\/27\/revisions\/48017"}],"wp:attachment":[{"href":"https:\/\/www.iveindhoven.com\/de\/wp-json\/wp\/v2\/media?parent=27"}],"curies":[{"name":"wp","href":"https:\/\/api.w.org\/{rel}","templated":true}]}}